{"id":3470,"date":"2022-01-05T20:45:08","date_gmt":"2022-01-05T22:45:08","guid":{"rendered":"https:\/\/sbcomunicacao.com.br\/clientes\/cba\/?page_id=3470"},"modified":"2022-01-05T20:45:08","modified_gmt":"2022-01-05T22:45:08","slug":"home-2022","status":"publish","type":"page","link":"https:\/\/cbacred.org.br\/site\/home-2022\/","title":{"rendered":"Home-2022"},"content":{"rendered":"<p><img decoding=\"async\" width=\"230\" height=\"48\" src=\"https:\/\/sbcomunicacao.com.br\/clientes\/cba\/wp-content\/uploads\/2019\/04\/logo_cba_topo.png\" alt=\"\" loading=\"lazy\" srcset=\"https:\/\/sbcomunicacao.com.br\/clientes\/cba\/wp-content\/uploads\/2019\/04\/logo_cba_topo.png 230w, https:\/\/sbcomunicacao.com.br\/clientes\/cba\/wp-content\/uploads\/2019\/04\/logo_cba_topo-50x10.png 50w\" sizes=\"(max-width: 230px) 100vw, 230px\" \/><br \/>\n\t\t\t\t\t<a href=\"https:\/\/sbcomunicacao.com.br\/clientes\/cba\/metodologia-ed03\/\" target=\"_blank\" rel=\"noopener\">Saiba Mais<\/a><a href=\"https:\/\/sbcomunicacao.com.br\/clientes\/cba\/miniquali-052022\/\" target=\"_blank\" rel=\"noopener\">Saiba Mais<\/a><a href=\"https:\/\/sbcomunicacao.com.br\/clientes\/cba\/talks23-05-2022\/\" target=\"_blank\" rel=\"noopener\">Saiba Mais<\/a><a href=\"https:\/\/sbcomunicacao.com.br\/clientes\/cba\/cursos-eventos\/\" target=\"_blank\" rel=\"noopener\">Saiba Mais<\/a><a href=\"https:\/\/sbcomunicacao.com.br\/clientes\/cba\/talks23-05-2022\/\" target=\"_blank\" rel=\"noopener\">Saiba Mais<\/a><a href=\"https:\/\/sbcomunicacao.com.br\/clientes\/cba\/sobre-manuais\/\" target=\"_blank\" rel=\"noopener\">Saiba Mais<\/a><br \/>\n\t\t\t\t\t\t\tPrevious<br \/>\n\t\t\t\t\t\t\tNext<\/p>\n<h3>\n\t\t\t\t\tInsights pela<br \/>\n\t\t\t\t\tSeguran\u00e7a do Paciente<br \/>\n\t\t\t\t<\/h3>\n<h2>O que \u00e9 relevante na presta\u00e7\u00e3o do cuidado:<\/h2>\n<ul>\n<li>\n                                                                                                                             Insight 01\n                        <\/li>\n<li>\n                                                                                                                             Insight 02\n                        <\/li>\n<li>\n                                                                                                                             Insight 03\n                        <\/li>\n<\/ul>\n<ul>\n<li>Cuidado <strong>uniforme<\/strong> de todos os pacientes conforme leis e regulamentos aplic\u00e1veis.<\/li>\n<li>Procedimentos e tratamentos cl\u00ednicos e diagn\u00f3sticos realizados e <strong>documentados<\/strong><\/li>\n<li>Plano de cuidado <strong>individualizado<\/strong> desenvolvido e documentado para cada paciente.<\/li>\n<li>Cuidado a <strong>pacientes de alto risco<\/strong> e a presta\u00e7\u00e3o de servi\u00e7os de alto risco orientados por diretrizes, leis e regulamentos da pr\u00e1tica profissional.<\/li>\n<\/ul>\n<p><strong>Mais detalhes nos Manuais e Programas CBA-JCI em <\/strong><a href=\"http:\/\/www.cbacred.org.br\"><strong>www.cbacred.org.br<\/strong><\/a><strong> e 21 3299-8233 (WhatsApp)<\/strong><\/p>\n<p><a href=\"https:\/\/wa.me\/552132998233\" target=\"_blank\" rel=\"noopener\"><img loading=\"lazy\" decoding=\"async\" src=\"https:\/\/sbcomunicacao.com.br\/clientes\/cba\/wp-content\/uploads\/2021\/04\/logo-whatsapp-sem-fundo-300x300.png\" alt=\"\" width=\"94\" height=\"94\" \/><\/a><\/p>\n<ul>\n<li>A avalia\u00e7\u00e3o inicial de cada paciente inclui exame f\u00edsico e hist\u00f3rico de sa\u00fade, <strong>bem como avalia\u00e7\u00e3o<\/strong> de fatores psicol\u00f3gicos, espirituais\/culturais (conforme apropriado), social e econ\u00f4mico.<\/li>\n<li>Uma avalia\u00e7\u00e3o m\u00e9dica pr\u00e9-operat\u00f3ria \u00e9 <strong>documentada antes<\/strong> da anestesia ou tratamento cir\u00fargico e inclui as necessidades m\u00e9dicas, f\u00edsicas, psicol\u00f3gicas, sociais, econ\u00f4micas e de alta do paciente.<\/li>\n<li>Todos os pacientes s\u00e3o <strong>reavaliados<\/strong> em intervalos com base em sua condi\u00e7\u00e3o e tratamento para determinar sua resposta ao tratamento e planejar o tratamento cont\u00ednuo ou alta.<\/li>\n<\/ul>\n<p><strong>Mais detalhes nos Manuais e Programas CBA-JCI em <\/strong><a href=\"http:\/\/www.cbacred.org.br\"><strong>www.cbacred.org.br<\/strong><\/a><strong> e 21 3299-8233 (WhatsApp)<\/strong><\/p>\n<p><a href=\"https:\/\/wa.me\/552132998233\" target=\"_blank\" rel=\"noopener\"><img loading=\"lazy\" decoding=\"async\" src=\"https:\/\/sbcomunicacao.com.br\/clientes\/cba\/wp-content\/uploads\/2021\/04\/logo-whatsapp-sem-fundo-300x300.png\" alt=\"\" width=\"94\" height=\"94\" \/><\/a><\/p>\n<ul>\n<li>O hospital busca <strong>reduzir as barreiras<\/strong> f\u00edsicas, lingu\u00edsticas, culturais e outras ao acesso e \u00e0 presta\u00e7\u00e3o de servi\u00e7os e fornece informa\u00e7\u00e3o e educa\u00e7\u00e3o aos pacientes e familiares de uma forma que possam entender.<\/li>\n<li>O hospital estabelece um processo para <strong>garantir<\/strong> a privacidade do paciente e a confidencialidade do cuidado e das informa\u00e7\u00f5es e permite aos pacientes o direito de ter acesso \u00e0s suas informa\u00e7\u00f5es de sa\u00fade no contexto da lei e cultura existentes.<\/li>\n<li>O hospital <strong>informa<\/strong> aos pacientes e familiares sobre seu processo de receber e de agir sobre queixas, conflitos e diferen\u00e7as de opini\u00e3o sobre o cuidado ao paciente e o direito do paciente de participar desses processos.<\/li>\n<\/ul>\n<p><strong>Mais detalhes nos Manuais e Programas CBA-JCI em <\/strong><a href=\"http:\/\/www.cbacred.org.br\"><strong>www.cbacred.org.br<\/strong><\/a><strong> e 21 3299-8233 (WhatsApp)<\/strong><\/p>\n<p><a href=\"https:\/\/wa.me\/552132998233\" target=\"_blank\" rel=\"noopener\"><img loading=\"lazy\" decoding=\"async\" src=\"https:\/\/sbcomunicacao.com.br\/clientes\/cba\/wp-content\/uploads\/2021\/04\/logo-whatsapp-sem-fundo-300x300.png\" alt=\"\" width=\"94\" height=\"94\" \/><\/a><\/p>\n<h2>NOT\u00cdCIAS<\/h2>\n<h2><a href=\"https:\/\/sbcomunicacao.com.br\/clientes\/cba\/cursos-e-eventos\/\">INFORMA\u00c7AO SOBRE CURSOS E EVENTOS<\/a><\/h2>\n<p><strong>Educa\u00e7\u00e3o\/Capacita\u00e7\u00e3o\/Cursos\/Consultorias<\/strong><\/p>\n<p>O CBA tem como parte de sua miss\u00e3o, promover atividades de educa\u00e7\u00e3o e de capacita\u00e7\u00e3o relacionadas com gest\u00e3o e melhoria de qualidade e seguran\u00e7a assistencial, assim como com programas de acredita\u00e7\u00e3o e de certifica\u00e7\u00e3o internacionais e especializadas.<\/p>\n<p>Dessa forma, um conjunto de cursos e atividades educacionais\/treinamentos\/consultorias foram elaborados e est\u00e3o dispon\u00edveis para profissionais e institui\u00e7\u00f5es de sa\u00fade, em modalidade de turmas abertas e assim como para turmas <em>in company<\/em> e outros formatos que podem ser customizados conforme interesse dos participantes.<\/p>\n<p>As atividades s\u00e3o oferecidas em meio online e presencial (conforme poss\u00edvel), conduzidas por profissionais especializados, e inclui metodologias de educa\u00e7\u00e3o ativa, din\u00e2micas, \u00a0simulados e exerc\u00edcios em grupo, buscando criar, al\u00e9m do melhor aprendizado, redes de <em>networking<\/em> cient\u00edfica e profissional, que s\u00e3o gerenciadas pelo CBA.<\/p>\n<p>\u00a0<\/p>\n<p>Veja o cronograma de atividades em<\/p>\n<p><a href=\"https:\/\/sbcomunicacao.com.br\/clientes\/cba\/cursos-eventos\/\">https:\/\/sbcomunicacao.com.br\/clientes\/cba\/cursos-eventos\/<\/a><\/p>\n<p>Saiba mais sobre as consultorias em<\/p>\n<p><a href=\"https:\/\/sbcomunicacao.com.br\/clientes\/cba\/consultorias\/consultorias-independentes\/\">https:\/\/sbcomunicacao.com.br\/clientes\/cba\/consultorias\/consultorias-independentes\/<\/a><\/p>\n<h2><a href=\"https:\/\/sbcomunicacao.com.br\/clientes\/cba\/cursos-e-eventos\/\">PROGRAMA\u00c7\u00c3O DE CURSOS<\/a><\/h2>\n<p>            <a href=\"https:\/\/sbcomunicacao.com.br\/clientes\/cba\/metodologia-ed03\/\" style=\"background-image: url(https:\/\/sbcomunicacao.com.br\/clientes\/cba\/wp-content\/uploads\/2022\/06\/2-introducao-acreditacao_cartoes_Prancheta-1.png);\"target=\"_blank\"  tabindex=\"0\"><\/p>\n<h2>Introdu\u00e7\u00e3o a Metodologia de Acredita\u00e7\u00e3o Internacional<\/h2>\n<\/p>\n<p>            <\/a><br \/>\n            <a href=\"https:\/\/sbcomunicacao.com.br\/clientes\/cba\/miniquali-052022\/\" style=\"background-image: url(https:\/\/sbcomunicacao.com.br\/clientes\/cba\/wp-content\/uploads\/2022\/06\/1-mini-quali_cartoes.png);\"target=\"_blank\"  tabindex=\"1\"><\/p>\n<h2>Mini Quali: Introdu\u00e7\u00e3o ao Gerenciamento de Riscos<\/h2>\n<\/p>\n<p>            <\/a><\/p>\n<style typr=\"text\/css\">\n                    #eael-img-accordion-8d81e37 .eael-image-accordion-hover:hover {\n                        flex: 3 1 0% !important;\n                    }\n                    #eael-img-accordion-8d81e37 .eael-image-accordion-hover:hover:hover .overlay-inner * {\n                        opacity: 1;\n                        visibility: visible;\n                        transform: none;\n                        transition: all .3s .3s;\n                    }\n                <\/style>\n<h1>DESTAQUE DOS MANUAIS DA JCI<\/h1>\n<ul id=\"eael-feature-list-51e20a3\">\n<li>\n\t\t\t\t\t\t\t\t<ahref=\"https:\/\/sbcomunicacao.com.br\/clientes\/cba\/manuais\/\" target=\"_blank\"><br \/>\n\t\t\t\t\t\t\t\t\t\t<\/a><\/p>\n<h3\t\t\t\t\t\t\t><a href=\"https:\/\/sbcomunicacao.com.br\/clientes\/cba\/manuais\/\" target=\"_blank\" rel=\"noopener\">Manuais JCI<\/a><\/h3\t\t\t\t\t\t>\n<p>Os Manuais JCI s\u00e3o elaborados e mantidos por um Comit\u00ea Internacional composto de especialistas, gestores, profissionais, representantes de diferentes segmentos e especialidades, al\u00e9m das diferentes regi\u00f5es e continentes do planeta. Isso garante a diversidade dos conte\u00fados, padr\u00f5es e requisitos que s\u00e3o aplic\u00e1veis em n\u00edvel global pelo Programa de Acredita\u00e7\u00e3o da JCI. Os manuais se aplicam em diferentes perfis de institui\u00e7\u00f5es de sa\u00fade.<br \/>\nVeja mais em\u00a0<br \/>\nhttps:\/\/sbcomunicacao.com.br\/clientes\/cba\/manuais\/<\/p>\n<\/li>\n<\/ul>\n<p>\t\t\t\t\t\t\tPrevious<br \/>\n\t\t\t\t\t\t\tNext<\/p>\n<p><a href=\"https:\/\/www.linkedin.com\/company\/acreditacaointernacional\/\" target=\"_blank\" rel=\"noopener\"><img loading=\"lazy\" decoding=\"async\" src=\"https:\/\/sbcomunicacao.com.br\/clientes\/cba\/wp-content\/uploads\/2021\/05\/linkedin2-300x300.png\" alt=\"\" width=\"84\" height=\"84\" \/><\/a><a href=\"https:\/\/wa.me\/552132998200\" target=\"_blank\" rel=\"noopener\"><img loading=\"lazy\" decoding=\"async\" src=\"https:\/\/sbcomunicacao.com.br\/clientes\/cba\/wp-content\/uploads\/2021\/05\/whatsapp3-300x300.png\" alt=\"\" width=\"86\" height=\"86\" \/><\/a> <a href=\"https:\/\/www.instagram.com\/acreditacaointernacional\/\" target=\"_blank\" rel=\"noopener\"><img loading=\"lazy\" decoding=\"async\" src=\"https:\/\/sbcomunicacao.com.br\/clientes\/cba\/wp-content\/uploads\/2021\/05\/instagram-300x300.png\" alt=\"\" width=\"84\" height=\"84\" \/> <\/a><\/p>\n<h4>Rio de Janeiro<\/h4>\n<p>Av. Rio Branco, 124 12\u00ba Andar \u2013 Parte<br \/>Centro \u2013 Rio de Janeiro \u2013 Brasil<br \/>CEP: 20040-916<\/p>\n<ul>\n<li>\n\t\t\t\t\t<a href=\"mailto:cbal@cbacred.org.br\"><br \/>\n\t\t\t\t\t\t\t\t\t\t+55 21 3299-8200<br \/>\n\t\t\t\t\t\t\t\t\t\t\t<\/a>\n\t\t\t\t\t\t\t\t\t<\/li>\n<li>\n\t\t\t\t\t<a href=\"mailto:cba@cbacred.org.br\"><br \/>\n\t\t\t\t\t\t\t\t\t\tcba@cbared.org.br<br \/>\n\t\t\t\t\t\t\t\t\t\t\t<\/a>\n\t\t\t\t\t\t\t\t\t<\/li>\n<\/ul>\n<p>2022 \u00a9\u00a0 Cons\u00f3rcio Brasileiro de Acredita\u00e7\u00e3o\u00a0<\/p>\n<p><strong><a href=\"https:\/\/sbcomunicacao.com.br\/clientes\/cba\/politica-de-privacidade\/\">Pol\u00edtica de privacidade<\/a><\/strong><\/p>\n<p>\t\t\t\t\t\t\t\t\t\t\t\t<img decoding=\"async\" width=\"541\" height=\"358\" src=\"https:\/\/sbcomunicacao.com.br\/clientes\/cba\/wp-content\/uploads\/2019\/02\/grafismo_rodape_01.png\" alt=\"\" loading=\"lazy\" srcset=\"https:\/\/sbcomunicacao.com.br\/clientes\/cba\/wp-content\/uploads\/2019\/02\/grafismo_rodape_01.png 541w, https:\/\/sbcomunicacao.com.br\/clientes\/cba\/wp-content\/uploads\/2019\/02\/grafismo_rodape_01-300x199.png 300w, https:\/\/sbcomunicacao.com.br\/clientes\/cba\/wp-content\/uploads\/2019\/02\/grafismo_rodape_01-76x50.png 76w, https:\/\/sbcomunicacao.com.br\/clientes\/cba\/wp-content\/uploads\/2019\/02\/grafismo_rodape_01-50x33.png 50w\" sizes=\"(max-width: 541px) 100vw, 541px\" \/><\/p>\n","protected":false},"excerpt":{"rendered":"<p>Saiba MaisSaiba MaisSaiba MaisSaiba MaisSaiba MaisSaiba Mais Previous Next Insights pela Seguran\u00e7a do Paciente O que \u00e9 relevante na presta\u00e7\u00e3o do cuidado: Insight 01 Insight 02 Insight 03 Cuidado uniforme de todos os pacientes conforme leis e regulamentos aplic\u00e1veis. Procedimentos e tratamentos cl\u00ednicos e diagn\u00f3sticos realizados e documentados Plano de cuidado individualizado desenvolvido e documentado [&hellip;]<\/p>\n","protected":false},"author":1,"featured_media":0,"parent":0,"menu_order":0,"comment_status":"closed","ping_status":"closed","template":"elementor_canvas","meta":{"_et_pb_use_builder":"","_et_pb_old_content":"","_et_gb_content_width":"","footnotes":""},"yoast_head":"<!-- This site is optimized with the Yoast SEO plugin v23.1 - https:\/\/yoast.com\/wordpress\/plugins\/seo\/ -->\n<title>Home-2022 - CBA<\/title>\n<meta name=\"robots\" content=\"index, follow, max-snippet:-1, max-image-preview:large, max-video-preview:-1\" \/>\n<link rel=\"canonical\" href=\"https:\/\/cbacred.org.br\/site\/home-2022\/\" \/>\n<meta property=\"og:locale\" content=\"pt_BR\" \/>\n<meta property=\"og:type\" content=\"article\" \/>\n<meta property=\"og:title\" content=\"Home-2022 - CBA\" \/>\n<meta property=\"og:description\" content=\"Saiba MaisSaiba MaisSaiba MaisSaiba MaisSaiba MaisSaiba Mais Previous Next Insights pela Seguran\u00e7a do Paciente O que \u00e9 relevante na presta\u00e7\u00e3o do cuidado: Insight 01 Insight 02 Insight 03 Cuidado uniforme de todos os pacientes conforme leis e regulamentos aplic\u00e1veis. Procedimentos e tratamentos cl\u00ednicos e diagn\u00f3sticos realizados e documentados Plano de cuidado individualizado desenvolvido e documentado [&hellip;]\" \/>\n<meta property=\"og:url\" content=\"https:\/\/cbacred.org.br\/site\/home-2022\/\" \/>\n<meta property=\"og:site_name\" content=\"CBA\" \/>\n<meta property=\"og:image\" content=\"https:\/\/sbcomunicacao.com.br\/clientes\/cba\/wp-content\/uploads\/2019\/04\/logo_cba_topo.png\" \/>\n<meta name=\"twitter:card\" content=\"summary_large_image\" \/>\n<meta name=\"twitter:label1\" content=\"Est. tempo de leitura\" \/>\n\t<meta name=\"twitter:data1\" content=\"9 minutos\" \/>\n<script type=\"application\/ld+json\" class=\"yoast-schema-graph\">{\"@context\":\"https:\/\/schema.org\",\"@graph\":[{\"@type\":\"WebPage\",\"@id\":\"https:\/\/cbacred.org.br\/site\/home-2022\/\",\"url\":\"https:\/\/cbacred.org.br\/site\/home-2022\/\",\"name\":\"Home-2022 - CBA\",\"isPartOf\":{\"@id\":\"https:\/\/cbacred.org.br\/site\/#website\"},\"primaryImageOfPage\":{\"@id\":\"https:\/\/cbacred.org.br\/site\/home-2022\/#primaryimage\"},\"image\":{\"@id\":\"https:\/\/cbacred.org.br\/site\/home-2022\/#primaryimage\"},\"thumbnailUrl\":\"https:\/\/sbcomunicacao.com.br\/clientes\/cba\/wp-content\/uploads\/2019\/04\/logo_cba_topo.png\",\"datePublished\":\"2022-01-05T22:45:08+00:00\",\"dateModified\":\"2022-01-05T22:45:08+00:00\",\"breadcrumb\":{\"@id\":\"https:\/\/cbacred.org.br\/site\/home-2022\/#breadcrumb\"},\"inLanguage\":\"pt-BR\",\"potentialAction\":[{\"@type\":\"ReadAction\",\"target\":[\"https:\/\/cbacred.org.br\/site\/home-2022\/\"]}]},{\"@type\":\"ImageObject\",\"inLanguage\":\"pt-BR\",\"@id\":\"https:\/\/cbacred.org.br\/site\/home-2022\/#primaryimage\",\"url\":\"https:\/\/sbcomunicacao.com.br\/clientes\/cba\/wp-content\/uploads\/2019\/04\/logo_cba_topo.png\",\"contentUrl\":\"https:\/\/sbcomunicacao.com.br\/clientes\/cba\/wp-content\/uploads\/2019\/04\/logo_cba_topo.png\"},{\"@type\":\"BreadcrumbList\",\"@id\":\"https:\/\/cbacred.org.br\/site\/home-2022\/#breadcrumb\",\"itemListElement\":[{\"@type\":\"ListItem\",\"position\":1,\"name\":\"In\u00edcio\",\"item\":\"https:\/\/cbacred.org.br\/site\/\"},{\"@type\":\"ListItem\",\"position\":2,\"name\":\"Home-2022\"}]},{\"@type\":\"WebSite\",\"@id\":\"https:\/\/cbacred.org.br\/site\/#website\",\"url\":\"https:\/\/cbacred.org.br\/site\/\",\"name\":\"CBA\",\"description\":\"Cons\u00f3rcio Brasileiro de Acredita\u00e7\u00e3o\",\"potentialAction\":[{\"@type\":\"SearchAction\",\"target\":{\"@type\":\"EntryPoint\",\"urlTemplate\":\"https:\/\/cbacred.org.br\/site\/?s={search_term_string}\"},\"query-input\":\"required name=search_term_string\"}],\"inLanguage\":\"pt-BR\"}]}<\/script>\n<!-- \/ Yoast SEO plugin. -->","yoast_head_json":{"title":"Home-2022 - CBA","robots":{"index":"index","follow":"follow","max-snippet":"max-snippet:-1","max-image-preview":"max-image-preview:large","max-video-preview":"max-video-preview:-1"},"canonical":"https:\/\/cbacred.org.br\/site\/home-2022\/","og_locale":"pt_BR","og_type":"article","og_title":"Home-2022 - CBA","og_description":"Saiba MaisSaiba MaisSaiba MaisSaiba MaisSaiba MaisSaiba Mais Previous Next Insights pela Seguran\u00e7a do Paciente O que \u00e9 relevante na presta\u00e7\u00e3o do cuidado: Insight 01 Insight 02 Insight 03 Cuidado uniforme de todos os pacientes conforme leis e regulamentos aplic\u00e1veis. Procedimentos e tratamentos cl\u00ednicos e diagn\u00f3sticos realizados e documentados Plano de cuidado individualizado desenvolvido e documentado [&hellip;]","og_url":"https:\/\/cbacred.org.br\/site\/home-2022\/","og_site_name":"CBA","og_image":[{"url":"https:\/\/sbcomunicacao.com.br\/clientes\/cba\/wp-content\/uploads\/2019\/04\/logo_cba_topo.png"}],"twitter_card":"summary_large_image","twitter_misc":{"Est. tempo de leitura":"9 minutos"},"schema":{"@context":"https:\/\/schema.org","@graph":[{"@type":"WebPage","@id":"https:\/\/cbacred.org.br\/site\/home-2022\/","url":"https:\/\/cbacred.org.br\/site\/home-2022\/","name":"Home-2022 - CBA","isPartOf":{"@id":"https:\/\/cbacred.org.br\/site\/#website"},"primaryImageOfPage":{"@id":"https:\/\/cbacred.org.br\/site\/home-2022\/#primaryimage"},"image":{"@id":"https:\/\/cbacred.org.br\/site\/home-2022\/#primaryimage"},"thumbnailUrl":"https:\/\/sbcomunicacao.com.br\/clientes\/cba\/wp-content\/uploads\/2019\/04\/logo_cba_topo.png","datePublished":"2022-01-05T22:45:08+00:00","dateModified":"2022-01-05T22:45:08+00:00","breadcrumb":{"@id":"https:\/\/cbacred.org.br\/site\/home-2022\/#breadcrumb"},"inLanguage":"pt-BR","potentialAction":[{"@type":"ReadAction","target":["https:\/\/cbacred.org.br\/site\/home-2022\/"]}]},{"@type":"ImageObject","inLanguage":"pt-BR","@id":"https:\/\/cbacred.org.br\/site\/home-2022\/#primaryimage","url":"https:\/\/sbcomunicacao.com.br\/clientes\/cba\/wp-content\/uploads\/2019\/04\/logo_cba_topo.png","contentUrl":"https:\/\/sbcomunicacao.com.br\/clientes\/cba\/wp-content\/uploads\/2019\/04\/logo_cba_topo.png"},{"@type":"BreadcrumbList","@id":"https:\/\/cbacred.org.br\/site\/home-2022\/#breadcrumb","itemListElement":[{"@type":"ListItem","position":1,"name":"In\u00edcio","item":"https:\/\/cbacred.org.br\/site\/"},{"@type":"ListItem","position":2,"name":"Home-2022"}]},{"@type":"WebSite","@id":"https:\/\/cbacred.org.br\/site\/#website","url":"https:\/\/cbacred.org.br\/site\/","name":"CBA","description":"Cons\u00f3rcio Brasileiro de Acredita\u00e7\u00e3o","potentialAction":[{"@type":"SearchAction","target":{"@type":"EntryPoint","urlTemplate":"https:\/\/cbacred.org.br\/site\/?s={search_term_string}"},"query-input":"required name=search_term_string"}],"inLanguage":"pt-BR"}]}},"_links":{"self":[{"href":"https:\/\/cbacred.org.br\/site\/wp-json\/wp\/v2\/pages\/3470"}],"collection":[{"href":"https:\/\/cbacred.org.br\/site\/wp-json\/wp\/v2\/pages"}],"about":[{"href":"https:\/\/cbacred.org.br\/site\/wp-json\/wp\/v2\/types\/page"}],"author":[{"embeddable":true,"href":"https:\/\/cbacred.org.br\/site\/wp-json\/wp\/v2\/users\/1"}],"replies":[{"embeddable":true,"href":"https:\/\/cbacred.org.br\/site\/wp-json\/wp\/v2\/comments?post=3470"}],"version-history":[{"count":0,"href":"https:\/\/cbacred.org.br\/site\/wp-json\/wp\/v2\/pages\/3470\/revisions"}],"wp:attachment":[{"href":"https:\/\/cbacred.org.br\/site\/wp-json\/wp\/v2\/media?parent=3470"}],"curies":[{"name":"wp","href":"https:\/\/api.w.org\/{rel}","templated":true}]}}